{"id":128,"date":"2025-01-26T17:54:54","date_gmt":"2025-01-26T16:54:54","guid":{"rendered":"https:\/\/www.artbre.me\/artbre\/?page_id=128"},"modified":"2026-01-26T09:42:49","modified_gmt":"2026-01-26T08:42:49","slug":"actualites","status":"publish","type":"page","link":"https:\/\/www.artbre.me\/artbre\/actualites\/","title":{"rendered":"actualit\u00e9s"},"content":{"rendered":"\n<h2 class=\"wp-block-heading\">expo:  hiver printemps 2026<\/h2>\n\n\n\n<figure class=\"wp-block-gallery has-nested-images columns-default is-cropped wp-block-gallery-1 is-layout-flex wp-block-gallery-is-layout-flex\">\n<figure class=\"wp-block-image size-large\"><img loading=\"lazy\" decoding=\"async\" width=\"1024\" height=\"1024\" data-id=\"461\" src=\"https:\/\/www.artbre.me\/artbre\/wp-content\/uploads\/2026\/01\/AFFICHE-MJC-JANV-2026-ballan-mire-1-1024x1024.png\" alt=\"\" class=\"wp-image-461\" srcset=\"https:\/\/www.artbre.me\/artbre\/wp-content\/uploads\/2026\/01\/AFFICHE-MJC-JANV-2026-ballan-mire-1-1024x1024.png 1024w, https:\/\/www.artbre.me\/artbre\/wp-content\/uploads\/2026\/01\/AFFICHE-MJC-JANV-2026-ballan-mire-1-300x300.png 300w, https:\/\/www.artbre.me\/artbre\/wp-content\/uploads\/2026\/01\/AFFICHE-MJC-JANV-2026-ballan-mire-1-150x150.png 150w, https:\/\/www.artbre.me\/artbre\/wp-content\/uploads\/2026\/01\/AFFICHE-MJC-JANV-2026-ballan-mire-1-768x768.png 768w, https:\/\/www.artbre.me\/artbre\/wp-content\/uploads\/2026\/01\/AFFICHE-MJC-JANV-2026-ballan-mire-1-1536x1536.png 1536w, https:\/\/www.artbre.me\/artbre\/wp-content\/uploads\/2026\/01\/AFFICHE-MJC-JANV-2026-ballan-mire-1-2048x2048.png 2048w\" sizes=\"auto, (max-width: 1024px) 100vw, 1024px\" \/><\/figure>\n<\/figure>\n\n\n\n<h2 class=\"wp-block-heading\">expo: automne hiver 2025<\/h2>\n\n\n\n<figure class=\"wp-block-gallery has-nested-images columns-default is-cropped wp-block-gallery-2 is-layout-flex wp-block-gallery-is-layout-flex\">\n<figure class=\"wp-block-image size-large\"><img loading=\"lazy\" decoding=\"async\" width=\"952\" height=\"1024\" data-id=\"426\" src=\"https:\/\/www.artbre.me\/artbre\/wp-content\/uploads\/2025\/08\/quatre-coins-pour-petite-piece-2025-952x1024.jpg\" alt=\"sculpture arbre m\u00e9tal olivier goupil artbre\" class=\"wp-image-426\" srcset=\"https:\/\/www.artbre.me\/artbre\/wp-content\/uploads\/2025\/08\/quatre-coins-pour-petite-piece-2025-952x1024.jpg 952w, https:\/\/www.artbre.me\/artbre\/wp-content\/uploads\/2025\/08\/quatre-coins-pour-petite-piece-2025-279x300.jpg 279w, https:\/\/www.artbre.me\/artbre\/wp-content\/uploads\/2025\/08\/quatre-coins-pour-petite-piece-2025-768x826.jpg 768w, https:\/\/www.artbre.me\/artbre\/wp-content\/uploads\/2025\/08\/quatre-coins-pour-petite-piece-2025-1428x1536.jpg 1428w, https:\/\/www.artbre.me\/artbre\/wp-content\/uploads\/2025\/08\/quatre-coins-pour-petite-piece-2025.jpg 1487w\" sizes=\"auto, (max-width: 952px) 100vw, 952px\" \/><figcaption class=\"wp-element-caption\">expo \u00ab\u00a0quatre coins pour petite pi\u00e8ce\u00a0\u00bb 2025 chambray les tours<\/figcaption><\/figure>\n\n\n\n<figure class=\"wp-block-image size-large\"><img loading=\"lazy\" decoding=\"async\" width=\"717\" height=\"1024\" data-id=\"457\" src=\"https:\/\/www.artbre.me\/artbre\/wp-content\/uploads\/2025\/09\/affiche-2025-noizay-717x1024.jpg\" alt=\"\" class=\"wp-image-457\" srcset=\"https:\/\/www.artbre.me\/artbre\/wp-content\/uploads\/2025\/09\/affiche-2025-noizay-717x1024.jpg 717w, https:\/\/www.artbre.me\/artbre\/wp-content\/uploads\/2025\/09\/affiche-2025-noizay-210x300.jpg 210w, https:\/\/www.artbre.me\/artbre\/wp-content\/uploads\/2025\/09\/affiche-2025-noizay-768x1097.jpg 768w, https:\/\/www.artbre.me\/artbre\/wp-content\/uploads\/2025\/09\/affiche-2025-noizay-1075x1536.jpg 1075w, https:\/\/www.artbre.me\/artbre\/wp-content\/uploads\/2025\/09\/affiche-2025-noizay-1434x2048.jpg 1434w, https:\/\/www.artbre.me\/artbre\/wp-content\/uploads\/2025\/09\/affiche-2025-noizay-scaled.jpg 1792w\" sizes=\"auto, (max-width: 717px) 100vw, 717px\" \/><\/figure>\n<\/figure>\n\n\n\n<h2 class=\"wp-block-heading\">expo : hiver printemps 2025<\/h2>\n\n\n\n<figure class=\"wp-block-gallery has-nested-images columns-default is-cropped wp-block-gallery-3 is-layout-flex wp-block-gallery-is-layout-flex\" style=\"border-style:none;border-width:0px\">\n<figure class=\"wp-block-image size-large\"><img loading=\"lazy\" decoding=\"async\" width=\"724\" height=\"1024\" data-id=\"292\" src=\"https:\/\/www.artbre.me\/artbre\/wp-content\/uploads\/2025\/02\/affiche-poce-sur-cisse-724x1024.jpg\" alt=\"\" class=\"wp-image-292\" srcset=\"https:\/\/www.artbre.me\/artbre\/wp-content\/uploads\/2025\/02\/affiche-poce-sur-cisse-724x1024.jpg 724w, https:\/\/www.artbre.me\/artbre\/wp-content\/uploads\/2025\/02\/affiche-poce-sur-cisse-212x300.jpg 212w, https:\/\/www.artbre.me\/artbre\/wp-content\/uploads\/2025\/02\/affiche-poce-sur-cisse-768x1086.jpg 768w, https:\/\/www.artbre.me\/artbre\/wp-content\/uploads\/2025\/02\/affiche-poce-sur-cisse.jpg 1024w\" sizes=\"auto, (max-width: 724px) 100vw, 724px\" \/><\/figure>\n\n\n\n<figure class=\"wp-block-image size-large\"><img loading=\"lazy\" decoding=\"async\" width=\"1024\" height=\"1024\" data-id=\"413\" src=\"https:\/\/www.artbre.me\/artbre\/wp-content\/uploads\/2025\/03\/JEMA-2025-Insta-1024x1024.jpg\" alt=\"sculpture arbre m\u00e9tal olivier goupil artbre\" class=\"wp-image-413\" srcset=\"https:\/\/www.artbre.me\/artbre\/wp-content\/uploads\/2025\/03\/JEMA-2025-Insta-1024x1024.jpg 1024w, https:\/\/www.artbre.me\/artbre\/wp-content\/uploads\/2025\/03\/JEMA-2025-Insta-300x300.jpg 300w, https:\/\/www.artbre.me\/artbre\/wp-content\/uploads\/2025\/03\/JEMA-2025-Insta-150x150.jpg 150w, https:\/\/www.artbre.me\/artbre\/wp-content\/uploads\/2025\/03\/JEMA-2025-Insta-768x768.jpg 768w, https:\/\/www.artbre.me\/artbre\/wp-content\/uploads\/2025\/03\/JEMA-2025-Insta.jpg 1080w\" sizes=\"auto, (max-width: 1024px) 100vw, 1024px\" \/><figcaption class=\"wp-element-caption\">closerie de la Fuye artisans d&rsquo;art<\/figcaption><\/figure>\n\n\n\n<figure class=\"wp-block-image size-large\"><img loading=\"lazy\" decoding=\"async\" width=\"424\" height=\"600\" data-id=\"289\" src=\"https:\/\/www.artbre.me\/artbre\/wp-content\/uploads\/2025\/02\/takafer.jpg\" alt=\"\" class=\"wp-image-289\" srcset=\"https:\/\/www.artbre.me\/artbre\/wp-content\/uploads\/2025\/02\/takafer.jpg 424w, https:\/\/www.artbre.me\/artbre\/wp-content\/uploads\/2025\/02\/takafer-212x300.jpg 212w\" sizes=\"auto, (max-width: 424px) 100vw, 424px\" \/><\/figure>\n<\/figure>\n\n\n\n<h2 class=\"wp-block-heading\">expo : 2024<\/h2>\n\n\n\n<figure class=\"wp-block-gallery has-nested-images columns-2 is-cropped wp-block-gallery-4 is-layout-flex wp-block-gallery-is-layout-flex\">\n<figure class=\"wp-block-image size-large\"><img loading=\"lazy\" decoding=\"async\" width=\"1024\" height=\"1024\" data-id=\"150\" src=\"https:\/\/www.artbre.me\/artbre\/wp-content\/uploads\/2025\/02\/470206954_17905072710079586_7454254672640978719_n-1024x1024.jpg\" alt=\"\" class=\"wp-image-150\" srcset=\"https:\/\/www.artbre.me\/artbre\/wp-content\/uploads\/2025\/02\/470206954_17905072710079586_7454254672640978719_n-1024x1024.jpg 1024w, https:\/\/www.artbre.me\/artbre\/wp-content\/uploads\/2025\/02\/470206954_17905072710079586_7454254672640978719_n-300x300.jpg 300w, https:\/\/www.artbre.me\/artbre\/wp-content\/uploads\/2025\/02\/470206954_17905072710079586_7454254672640978719_n-150x150.jpg 150w, https:\/\/www.artbre.me\/artbre\/wp-content\/uploads\/2025\/02\/470206954_17905072710079586_7454254672640978719_n-768x768.jpg 768w, https:\/\/www.artbre.me\/artbre\/wp-content\/uploads\/2025\/02\/470206954_17905072710079586_7454254672640978719_n.jpg 1080w\" sizes=\"auto, (max-width: 1024px) 100vw, 1024px\" \/><\/figure>\n\n\n\n<figure class=\"wp-block-image size-medium\"><img loading=\"lazy\" decoding=\"async\" width=\"300\" height=\"300\" data-id=\"151\" src=\"https:\/\/www.artbre.me\/artbre\/wp-content\/uploads\/2025\/02\/chateau-300x300.png\" alt=\"\" class=\"wp-image-151\" srcset=\"https:\/\/www.artbre.me\/artbre\/wp-content\/uploads\/2025\/02\/chateau-300x300.png 300w, https:\/\/www.artbre.me\/artbre\/wp-content\/uploads\/2025\/02\/chateau-150x150.png 150w, https:\/\/www.artbre.me\/artbre\/wp-content\/uploads\/2025\/02\/chateau.png 749w\" sizes=\"auto, (max-width: 300px) 100vw, 300px\" \/><\/figure>\n\n\n\n<figure class=\"wp-block-image size-large\"><img loading=\"lazy\" decoding=\"async\" width=\"724\" height=\"1024\" data-id=\"301\" src=\"https:\/\/www.artbre.me\/artbre\/wp-content\/uploads\/2025\/02\/Affiche-les-arts-au-chateau-724x1024.jpg\" alt=\"\" class=\"wp-image-301\" srcset=\"https:\/\/www.artbre.me\/artbre\/wp-content\/uploads\/2025\/02\/Affiche-les-arts-au-chateau-724x1024.jpg 724w, https:\/\/www.artbre.me\/artbre\/wp-content\/uploads\/2025\/02\/Affiche-les-arts-au-chateau-212x300.jpg 212w, https:\/\/www.artbre.me\/artbre\/wp-content\/uploads\/2025\/02\/Affiche-les-arts-au-chateau-768x1086.jpg 768w, https:\/\/www.artbre.me\/artbre\/wp-content\/uploads\/2025\/02\/Affiche-les-arts-au-chateau.jpg 1024w\" sizes=\"auto, (max-width: 724px) 100vw, 724px\" \/><\/figure>\n\n\n\n<figure class=\"wp-block-image size-large\"><img loading=\"lazy\" decoding=\"async\" width=\"483\" height=\"1024\" data-id=\"298\" src=\"https:\/\/www.artbre.me\/artbre\/wp-content\/uploads\/2025\/02\/quatre-coin-pour-petites-pieces-flyer-2024-1-483x1024.jpg\" alt=\"\" class=\"wp-image-298\" srcset=\"https:\/\/www.artbre.me\/artbre\/wp-content\/uploads\/2025\/02\/quatre-coin-pour-petites-pieces-flyer-2024-1-483x1024.jpg 483w, https:\/\/www.artbre.me\/artbre\/wp-content\/uploads\/2025\/02\/quatre-coin-pour-petites-pieces-flyer-2024-1-141x300.jpg 141w, https:\/\/www.artbre.me\/artbre\/wp-content\/uploads\/2025\/02\/quatre-coin-pour-petites-pieces-flyer-2024-1-768x1629.jpg 768w, https:\/\/www.artbre.me\/artbre\/wp-content\/uploads\/2025\/02\/quatre-coin-pour-petites-pieces-flyer-2024-1-724x1536.jpg 724w, https:\/\/www.artbre.me\/artbre\/wp-content\/uploads\/2025\/02\/quatre-coin-pour-petites-pieces-flyer-2024-1-965x2048.jpg 965w, https:\/\/www.artbre.me\/artbre\/wp-content\/uploads\/2025\/02\/quatre-coin-pour-petites-pieces-flyer-2024-1.jpg 1169w\" sizes=\"auto, (max-width: 483px) 100vw, 483px\" \/><\/figure>\n\n\n\n<figure class=\"wp-block-image size-large\"><img loading=\"lazy\" decoding=\"async\" width=\"472\" height=\"669\" data-id=\"374\" src=\"https:\/\/www.artbre.me\/artbre\/wp-content\/uploads\/2025\/02\/affiche_az-1.jpg\" alt=\"\" class=\"wp-image-374\" srcset=\"https:\/\/www.artbre.me\/artbre\/wp-content\/uploads\/2025\/02\/affiche_az-1.jpg 472w, https:\/\/www.artbre.me\/artbre\/wp-content\/uploads\/2025\/02\/affiche_az-1-212x300.jpg 212w\" sizes=\"auto, (max-width: 472px) 100vw, 472px\" \/><\/figure>\n\n\n\n<figure class=\"wp-block-image size-large\"><img loading=\"lazy\" decoding=\"async\" width=\"717\" height=\"1024\" data-id=\"378\" src=\"https:\/\/www.artbre.me\/artbre\/wp-content\/uploads\/2025\/02\/affiche-2024-noizai-1-717x1024.jpg\" alt=\"\" class=\"wp-image-378\" srcset=\"https:\/\/www.artbre.me\/artbre\/wp-content\/uploads\/2025\/02\/affiche-2024-noizai-1-717x1024.jpg 717w, https:\/\/www.artbre.me\/artbre\/wp-content\/uploads\/2025\/02\/affiche-2024-noizai-1-210x300.jpg 210w, https:\/\/www.artbre.me\/artbre\/wp-content\/uploads\/2025\/02\/affiche-2024-noizai-1-768x1097.jpg 768w, https:\/\/www.artbre.me\/artbre\/wp-content\/uploads\/2025\/02\/affiche-2024-noizai-1.jpg 1024w\" sizes=\"auto, (max-width: 717px) 100vw, 717px\" \/><\/figure>\n\n\n\n<figure class=\"wp-block-image size-large\"><img loading=\"lazy\" decoding=\"async\" width=\"596\" height=\"840\" data-id=\"381\" src=\"https:\/\/www.artbre.me\/artbre\/wp-content\/uploads\/2025\/02\/Affiche-MembrollArts-nov-24.jpg\" alt=\"\" class=\"wp-image-381\" srcset=\"https:\/\/www.artbre.me\/artbre\/wp-content\/uploads\/2025\/02\/Affiche-MembrollArts-nov-24.jpg 596w, https:\/\/www.artbre.me\/artbre\/wp-content\/uploads\/2025\/02\/Affiche-MembrollArts-nov-24-213x300.jpg 213w\" sizes=\"auto, (max-width: 596px) 100vw, 596px\" \/><\/figure>\n<\/figure>\n\n\n\n<h2 class=\"wp-block-heading\">expo : 2023<\/h2>\n\n\n\n<figure class=\"wp-block-gallery has-nested-images columns-default is-cropped wp-block-gallery-5 is-layout-flex wp-block-gallery-is-layout-flex\">\n<figure class=\"wp-block-image size-large\"><img loading=\"lazy\" decoding=\"async\" width=\"900\" height=\"900\" data-id=\"295\" src=\"https:\/\/www.artbre.me\/artbre\/wp-content\/uploads\/2025\/02\/expo-denfer.jpg\" alt=\"\" class=\"wp-image-295\" srcset=\"https:\/\/www.artbre.me\/artbre\/wp-content\/uploads\/2025\/02\/expo-denfer.jpg 900w, https:\/\/www.artbre.me\/artbre\/wp-content\/uploads\/2025\/02\/expo-denfer-300x300.jpg 300w, https:\/\/www.artbre.me\/artbre\/wp-content\/uploads\/2025\/02\/expo-denfer-150x150.jpg 150w, https:\/\/www.artbre.me\/artbre\/wp-content\/uploads\/2025\/02\/expo-denfer-768x768.jpg 768w\" sizes=\"auto, (max-width: 900px) 100vw, 900px\" \/><\/figure>\n<\/figure>\n\n\n\n<p>Prix du public \u00e0 <em>l&rsquo;expo  L&rsquo;art et les songes<\/em>, Noizay 2024<\/p>\n\n\n\n<p>Prix du public \u00e0 la <em>29ieme exposition culturelle<\/em>, Poc\u00e9-sur-Cisse 2025<\/p>\n\n\n\n<p>Prix de la communaut\u00e9 de commune Beaumont-Louestault 2025<\/p>\n\n\n\n<p>Prix du salon Art et Po\u00e9sie de Touraine 2025<\/p>\n\n\n\n<p>Prix du public au 42&prime; Salon peinture et sculpture Ballan-Mirr\u00e9 2026 <\/p>\n\n\n\n<p><\/p>\n","protected":false},"excerpt":{"rendered":"<p>expo: hiver printemps 2026 expo: automne hiver 2025 expo : hiver printemps 2025 expo : 2024 expo : 2023 Prix du public \u00e0 l&rsquo;expo L&rsquo;art et les songes, Noizay 2024 Prix du public \u00e0 la 29ieme exposition culturelle, Poc\u00e9-sur-Cisse 2025 Prix de la communaut\u00e9 de commune Beaumont-Louestault 2025 Prix du salon Art et Po\u00e9sie de [&hellip;]<\/p>\n","protected":false},"author":1,"featured_media":0,"parent":0,"menu_order":0,"comment_status":"closed","ping_status":"closed","template":"","meta":{"footnotes":""},"class_list":["post-128","page","type-page","status-publish","hentry"],"_links":{"self":[{"href":"https:\/\/www.artbre.me\/artbre\/wp-json\/wp\/v2\/pages\/128","targetHints":{"allow":["GET"]}}],"collection":[{"href":"https:\/\/www.artbre.me\/artbre\/wp-json\/wp\/v2\/pages"}],"about":[{"href":"https:\/\/www.artbre.me\/artbre\/wp-json\/wp\/v2\/types\/page"}],"author":[{"embeddable":true,"href":"https:\/\/www.artbre.me\/artbre\/wp-json\/wp\/v2\/users\/1"}],"replies":[{"embeddable":true,"href":"https:\/\/www.artbre.me\/artbre\/wp-json\/wp\/v2\/comments?post=128"}],"version-history":[{"count":22,"href":"https:\/\/www.artbre.me\/artbre\/wp-json\/wp\/v2\/pages\/128\/revisions"}],"predecessor-version":[{"id":464,"href":"https:\/\/www.artbre.me\/artbre\/wp-json\/wp\/v2\/pages\/128\/revisions\/464"}],"wp:attachment":[{"href":"https:\/\/www.artbre.me\/artbre\/wp-json\/wp\/v2\/media?parent=128"}],"curies":[{"name":"wp","href":"https:\/\/api.w.org\/{rel}","templated":true}]}}