{"id":44,"date":"2023-10-15T09:54:59","date_gmt":"2023-10-15T07:54:59","guid":{"rendered":"https:\/\/www.artbre.me\/sitetest\/?page_id=44"},"modified":"2025-02-20T11:31:00","modified_gmt":"2025-02-20T10:31:00","slug":"biographie","status":"publish","type":"page","link":"https:\/\/www.artbre.me\/artbre\/biographie\/","title":{"rendered":"biographie"},"content":{"rendered":"\n<p>Mes sujets d\u2019\u00e9tude sont les arbres, leurs fractales et l\u2019harmonie des soci\u00e9t\u00e9s qu\u2019on appelle for\u00eats. Mon m\u00e9dium est le fil de cuivre recycl\u00e9, issu de l\u2019industrie, et toute la palette de ses corrosions.<\/p>\n\n\n\n<p>Un seul sujet aux formes et assemblages presque infinis, un m\u00e9dium simple mais pas sans noblesse qui se travaille avec presque rien. Dans mon travail, je cherche \u00e0 retranscrire sa dynamique, sa force et sa fragilit\u00e9 \u00e0 travers un mat\u00e9riau industriel d\u00e9tourn\u00e9 de son usage initial. Chaque sculpture est construite par accumulation, chaque brin de cuivre parcourant l\u2019arbre des racines aux brindilles, dans un processus qui oscille entre rigueur et improvisation.<\/p>\n\n\n\n<p>Mon approche explore \u00e9galement la lumi\u00e8re et les ombres port\u00e9es. Lorsque la sculpture cesse d\u2019\u00eatre l\u2019objet d\u2019observation et que seule son ombre devient visible, elle r\u00e9v\u00e8le une autre facette de l\u2019\u0153uvre, en constante transformation. Un peu de lumi\u00e8re et quelques grammes de m\u00e9tal suffisent alors \u00e0 cr\u00e9er l\u2019illusion du vivant.<\/p>\n\n\n\n<p>J\u2019exp\u00e9rimente la mati\u00e8re du cuivre dans toutes ses variations, des fils de 0.18 mm aux c\u00e2bles de 4 mm, jouant sur l\u2019\u00e9chelle et la densit\u00e9 pour \u00e9voquer diff\u00e9rentes essences d\u2019arbres. Par les processus de corrosion, j\u2019alt\u00e8re la surface du m\u00e9tal pour en explorer les nuances : du vert-de-gris aux bleus, jusqu\u2019au noir mat qui absorbent la lumi\u00e8re et redessinent la silhouette de l\u2019\u0153uvre.<\/p>\n\n\n\n<p>\u00c0 travers ces sculptures, je cherche \u00e0 traduire la m\u00e9moire des saisons, la force du vent, la mati\u00e8re du temps sur l\u2019\u00e9corce et les feuillages. Mon travail s\u2019inspire autant des formes iconiques du bonsa\u00ef que de l\u2019architecture naturelle des for\u00eats, v\u00e9ritables \u00e9cosyst\u00e8mes en perp\u00e9tuelle \u00e9volution.<\/p>\n\n\n\n<p>Toujours en mutation, la for\u00eat se perp\u00e9tue et s\u2019\u00e9quilibre, abritant des multitudes d\u2019\u00eatres vari\u00e9s, qui \u00e0 la fois la constituent et la cr\u00e9ent. Compar\u00e9 \u00e0 elles, notre d\u00e9veloppement soci\u00e9tal semble plus chaotique et surtout moins tol\u00e9rant et p\u00e9renne, alors peut-\u00eatre aurions-nous d\u00fb prendre exemple.<\/p>\n\n\n\n<p>L\u2019arbre est un sujet interg\u00e9n\u00e9rationnel et interculturel qui confine \u00e0 l\u2019universel. Devenu apolitique, aconfessionnel et asexu\u00e9, alors qu\u2019il a \u00e9t\u00e9 l\u2019axe du monde, reliant l\u2019humanit\u00e9 \u00e0 la sagesse. Sagesse que l\u2019on peut sensiblement percevoir parfois, sans savoir l\u2019interpr\u00e9ter.<\/p>\n\n\n\n<p>Cette s\u00e9rie d\u2019arbres-sculptures continue d\u2019\u00e9voluer, \u00e0 la recherche d\u2019un \u00e9quilibre entre la pr\u00e9cision du geste, l\u2019impr\u00e9visibilit\u00e9 de la mati\u00e8re et l\u2019\u00e9cho silencieux de la nature.<\/p>\n","protected":false},"excerpt":{"rendered":"<p>Mes sujets d\u2019\u00e9tude sont les arbres, leurs fractales et l\u2019harmonie des soci\u00e9t\u00e9s qu\u2019on appelle for\u00eats. Mon m\u00e9dium est le fil de cuivre recycl\u00e9, issu de l\u2019industrie, et toute la palette de ses corrosions. Un seul sujet aux formes et assemblages presque infinis, un m\u00e9dium simple mais pas sans noblesse qui se travaille avec presque rien. [&hellip;]<\/p>\n","protected":false},"author":1,"featured_media":0,"parent":0,"menu_order":0,"comment_status":"closed","ping_status":"closed","template":"","meta":{"footnotes":""},"class_list":["post-44","page","type-page","status-publish","hentry"],"_links":{"self":[{"href":"https:\/\/www.artbre.me\/artbre\/wp-json\/wp\/v2\/pages\/44","targetHints":{"allow":["GET"]}}],"collection":[{"href":"https:\/\/www.artbre.me\/artbre\/wp-json\/wp\/v2\/pages"}],"about":[{"href":"https:\/\/www.artbre.me\/artbre\/wp-json\/wp\/v2\/types\/page"}],"author":[{"embeddable":true,"href":"https:\/\/www.artbre.me\/artbre\/wp-json\/wp\/v2\/users\/1"}],"replies":[{"embeddable":true,"href":"https:\/\/www.artbre.me\/artbre\/wp-json\/wp\/v2\/comments?post=44"}],"version-history":[{"count":9,"href":"https:\/\/www.artbre.me\/artbre\/wp-json\/wp\/v2\/pages\/44\/revisions"}],"predecessor-version":[{"id":408,"href":"https:\/\/www.artbre.me\/artbre\/wp-json\/wp\/v2\/pages\/44\/revisions\/408"}],"wp:attachment":[{"href":"https:\/\/www.artbre.me\/artbre\/wp-json\/wp\/v2\/media?parent=44"}],"curies":[{"name":"wp","href":"https:\/\/api.w.org\/{rel}","templated":true}]}}